{"id":222,"date":"2014-02-18T10:41:30","date_gmt":"2014-02-18T08:41:30","guid":{"rendered":"http:\/\/53988587.swh.strato-hosting.eu\/kime-prd\/?page_id=222"},"modified":"2020-03-15T20:00:26","modified_gmt":"2020-03-15T18:00:26","slug":"impressum","status":"publish","type":"page","link":"https:\/\/kinderhilfe-mesopotamien.de\/kime-prd\/?page_id=222","title":{"rendered":"Impressum"},"content":{"rendered":"<p>Verantwortlich f\u00fcr den Inhalt dieser Webseite ist die<\/p>\n<h3>Kinderhilfe Mesopotamien e.V.<\/h3>\n<div>Postfach 80 07 43<\/div>\n<div>&nbsp;<\/div>\n<div>51007 K\u00f6ln<\/div>\n<div>&nbsp;<\/div>\n<h2>Angaben nach \u00a75 TMG\/ \u00a755 Abs. 2 RStV<\/h2>\n<h3><strong>Herausgeber\/Anbieter nach \u00a7 5 TMG:<\/strong><br \/>\nKinderhilfe Mesopotamien e.V.<\/h3>\n<p>Postfach 80 07 43<\/p>\n<p>51007 K\u00f6ln<\/p>\n<p>E-Mail: <a href=\"mailto:vorstand@kinderhilfe-mesopotamien.de\">vorstand@kinderhilfe-mesopotamien.de<\/a><\/p>\n<p>Internet: <a href=\"http:\/\/www.kinderhilfe-mesopotamien.de\/\">www.kinderhilfe-mesopotamien.de<\/a><br \/>\n<strong>Vertretungsberechtigter Vorstand:<\/strong><br \/>\nVedat Akter<\/p>\n<p><strong>Registergericht, Registernummer<\/strong><br \/>\nAmtsgericht K\u00f6ln, VR 15818<\/p>\n<p>Steuer-Nr.:&nbsp;218\/5759\/1058 Finanzamt K\u00f6ln Ost<br \/>\n<strong>Inhaltliche Verantwortung nach \u00a7 55 Abs. 2 RStV:<\/strong><br \/>\n<strong>Redaktion<\/strong><\/p>\n<p>Harjin Esmael<\/p>\n<p>&nbsp;<\/p>\n<p><strong>Fotos<\/strong><br \/>\nFotos sind von Mitgliedern<\/p>\n<p>\u00a9 Alle Rechte liegen bei Kinderhilfe Mesopotamien e.V.<\/p>\n<p><strong>Namen und Abbildungen von Personen und \u00d6rtlichkeiten k\u00f6nnen aus datenschutzrechtlichen Gr\u00fcnden ver\u00e4ndert worden sein.<\/strong><\/p>\n<p><strong><span style=\"text-decoration: underline;\">&nbsp;<\/span><\/strong><\/p>\n<p><strong><span style=\"text-decoration: underline;\">Disclaimer\/Hinweis zur Problematik von externen Links<\/span><\/strong><\/p>\n<p>Der Verein Kinderhilfe Mesopotamien e.V. ist als Inhaltsanbieter f\u00fcr die eigenen Inhalte, die er zur Nutzung bereith\u00e4lt, nach den allgemeinen Gesetzen verantwortlich. Von diesen eigenen Inhalten sind Querverweise (&#8222;Links&#8220;) auf die von anderen Anbietern bereitgehaltenen Inhalte zu unterscheiden. Durch den Querverweis h\u00e4lt der Verein Kinderhilfe Mesopotamien e.V. fremde Inhalte zur Nutzung bereit, die in dieser Weise gekennzeichnet sind. F\u00fcr diese fremden Inhalte ist er nur dann verantwortlich, wenn er von ihnen (d.h. auch von einem rechtswidrigen bzw. strafbaren Inhalt) positive Kenntnis hat und es ihm technisch m\u00f6glich und zumutbar ist, deren Nutzung zu verhindern. Der Verein Kinderhilfe Mesopotamien e.V. ist f\u00fcr fremde Inhalte, zu denen er lediglich den Zugang zur Nutzung vermittelt, nicht verantwortlich.<\/p>\n","protected":false},"excerpt":{"rendered":"<p>Verantwortlich f\u00fcr den Inhalt dieser Webseite ist die Kinderhilfe Mesopotamien e.V. Postfach 80 07 43 &nbsp; 51007 K\u00f6ln &nbsp; Angaben nach \u00a75 TMG\/ \u00a755 Abs. 2 RStV Herausgeber\/Anbieter nach \u00a7 5 TMG: Kinderhilfe Mesopotamien e.V. Postfach 80 07 43 51007 K\u00f6ln E-Mail: vorstand@kinderhilfe-mesopotamien.de Internet: www.kinderhilfe-mesopotamien.de Vertretungsberechtigter Vorstand: Vedat Akter Registergericht, [&hellip;]<\/p>\n","protected":false},"author":5,"featured_media":0,"parent":0,"menu_order":0,"comment_status":"closed","ping_status":"closed","template":"","meta":{"ngg_post_thumbnail":0,"footnotes":""},"class_list":["post-222","page","type-page","status-publish","hentry"],"jetpack_sharing_enabled":true,"jetpack_shortlink":"https:\/\/wp.me\/PbsrxO-3A","_links":{"self":[{"href":"https:\/\/kinderhilfe-mesopotamien.de\/kime-prd\/index.php?rest_route=\/wp\/v2\/pages\/222","targetHints":{"allow":["GET"]}}],"collection":[{"href":"https:\/\/kinderhilfe-mesopotamien.de\/kime-prd\/index.php?rest_route=\/wp\/v2\/pages"}],"about":[{"href":"https:\/\/kinderhilfe-mesopotamien.de\/kime-prd\/index.php?rest_route=\/wp\/v2\/types\/page"}],"author":[{"embeddable":true,"href":"https:\/\/kinderhilfe-mesopotamien.de\/kime-prd\/index.php?rest_route=\/wp\/v2\/users\/5"}],"replies":[{"embeddable":true,"href":"https:\/\/kinderhilfe-mesopotamien.de\/kime-prd\/index.php?rest_route=%2Fwp%2Fv2%2Fcomments&post=222"}],"version-history":[{"count":8,"href":"https:\/\/kinderhilfe-mesopotamien.de\/kime-prd\/index.php?rest_route=\/wp\/v2\/pages\/222\/revisions"}],"predecessor-version":[{"id":636,"href":"https:\/\/kinderhilfe-mesopotamien.de\/kime-prd\/index.php?rest_route=\/wp\/v2\/pages\/222\/revisions\/636"}],"wp:attachment":[{"href":"https:\/\/kinderhilfe-mesopotamien.de\/kime-prd\/index.php?rest_route=%2Fwp%2Fv2%2Fmedia&parent=222"}],"curies":[{"name":"wp","href":"https:\/\/api.w.org\/{rel}","templated":true}]}}