{"id":292,"date":"2014-05-18T20:21:40","date_gmt":"2014-05-18T18:21:40","guid":{"rendered":"http:\/\/kinderhilfe-mesopotamien.de\/kime-prd\/?page_id=292"},"modified":"2024-04-28T15:39:16","modified_gmt":"2024-04-28T13:39:16","slug":"mitgliedsantrag","status":"publish","type":"page","link":"https:\/\/kinderhilfe-mesopotamien.de\/kime-prd\/?page_id=292","title":{"rendered":"Mitgliedschaft"},"content":{"rendered":"\n<p><\/p>\n\n\n\n<p>Neben einmaligen Spenden freuen wir uns \u00fcber Mitgliedschaften, denn diese erm\u00f6glichen unserem Verein, langfristige Projekte und Angebote, wie etwa die Bildungs- und Jugendzentren in Amed, Shahba und Aleppo finanzieren zu k\u00f6nnen.&nbsp;<\/p>\n\n\n\n<p>Die Mitgliedschaft erm\u00f6glicht auch die aktive Mitgestaltung des Vereins (Aktivit\u00e4ten, Projekte, Veranstaltungen, etc.).&nbsp;<\/p>\n\n\n\n<p>Der Mindestbeitrag betr\u00e4gt 10\u20ac im Monat.\u00a0<br><\/p>\n\n\n\n<p><\/p>\n\n\n\n<p>Unten finden Sie unseren aktuellen Mitgliedsantrag als Datei. Senden Sie uns den vollst\u00e4ndig ausgef\u00fcllten und unterschriebenen Antrag bitte per Mail oder per Post zu.<br><\/p>\n\n\n\n<p><\/p>\n\n\n\n<p><strong>Mitgliedsantrag:<\/strong> <a href=\"http:\/\/kinderhilfe-mesopotamien.de\/kime-prd\/wp-content\/uploads\/2019\/10\/Mitgliedsantrag_2019-1.pdf\">Mitgliedsantrag_KiMe_2019<\/a>\u00a0(pdf-Datei)<\/p>\n\n\n\n<p><strong>Email: <\/strong><a href=\"mailto:vorstand@kinderhilfe-mesopotamien.de\">vorstand@kinderhilfe-mesopotamien.de<\/a><\/p>\n\n\n\n<p><strong>Postadresse: <\/strong>Kinderhilfe Mesopotamien e.V., Postfach 80 07 43, 51007 K\u00f6ln<br><\/p>\n\n\n\n<p><\/p>\n\n\n\n<p>Sie k\u00f6nnen anstelle eines SEPA-Lastschriftverfahrens auch einen Dauerauftrag einrichten.&nbsp;<\/p>\n\n\n\n<p>In beiden F\u00e4llen ist es wichtig, bei einem <strong>Kontowechsel<\/strong> entsprechende \u00c4nderungen vorzunehmen (neuer Dauerauftrag bzw. Mitteilung der neuen Bankverbindung an uns).&nbsp;<\/p>\n\n\n\n<p>Unsere <strong>aktuelle Satzung<\/strong> finden Sie ebenfalls hier: <a href=\"http:\/\/kinderhilfe-mesopotamien.de\/kime-prd\/wp-content\/uploads\/2019\/10\/Satzung-Stand-27.06.2021.pdf\" data-type=\"link\" data-id=\"http:\/\/kinderhilfe-mesopotamien.de\/kime-prd\/wp-content\/uploads\/2019\/10\/Satzung-Stand-27.06.2021.pdf\">Satzung KiMe_2021<\/a>\u00a0(pdf-Datei)<br><\/p>\n\n\n\n<p><\/p>\n\n\n\n<p>Vielen Dank f\u00fcr Ihre Unterst\u00fctzung!<\/p>\n\n\n\n<p><\/p>\n\n\n\n<p><\/p>\n","protected":false},"excerpt":{"rendered":"<p>Neben einmaligen Spenden freuen wir uns \u00fcber Mitgliedschaften, denn diese erm\u00f6glichen unserem Verein, langfristige Projekte und Angebote, wie etwa die Bildungs- und Jugendzentren in Amed, Shahba und Aleppo finanzieren zu k\u00f6nnen.&nbsp; Die Mitgliedschaft erm\u00f6glicht auch die aktive Mitgestaltung des Vereins (Aktivit\u00e4ten, Projekte, Veranstaltungen, etc.).&nbsp; Der Mindestbeitrag betr\u00e4gt 10\u20ac im Monat.\u00a0 [&hellip;]<\/p>\n","protected":false},"author":5,"featured_media":0,"parent":0,"menu_order":0,"comment_status":"closed","ping_status":"closed","template":"","meta":{"ngg_post_thumbnail":0,"footnotes":""},"class_list":["post-292","page","type-page","status-publish","hentry"],"jetpack_sharing_enabled":true,"jetpack_shortlink":"https:\/\/wp.me\/PbsrxO-4I","_links":{"self":[{"href":"https:\/\/kinderhilfe-mesopotamien.de\/kime-prd\/index.php?rest_route=\/wp\/v2\/pages\/292","targetHints":{"allow":["GET"]}}],"collection":[{"href":"https:\/\/kinderhilfe-mesopotamien.de\/kime-prd\/index.php?rest_route=\/wp\/v2\/pages"}],"about":[{"href":"https:\/\/kinderhilfe-mesopotamien.de\/kime-prd\/index.php?rest_route=\/wp\/v2\/types\/page"}],"author":[{"embeddable":true,"href":"https:\/\/kinderhilfe-mesopotamien.de\/kime-prd\/index.php?rest_route=\/wp\/v2\/users\/5"}],"replies":[{"embeddable":true,"href":"https:\/\/kinderhilfe-mesopotamien.de\/kime-prd\/index.php?rest_route=%2Fwp%2Fv2%2Fcomments&post=292"}],"version-history":[{"count":17,"href":"https:\/\/kinderhilfe-mesopotamien.de\/kime-prd\/index.php?rest_route=\/wp\/v2\/pages\/292\/revisions"}],"predecessor-version":[{"id":984,"href":"https:\/\/kinderhilfe-mesopotamien.de\/kime-prd\/index.php?rest_route=\/wp\/v2\/pages\/292\/revisions\/984"}],"wp:attachment":[{"href":"https:\/\/kinderhilfe-mesopotamien.de\/kime-prd\/index.php?rest_route=%2Fwp%2Fv2%2Fmedia&parent=292"}],"curies":[{"name":"wp","href":"https:\/\/api.w.org\/{rel}","templated":true}]}}