{"id":354,"date":"2018-06-15T00:06:34","date_gmt":"2018-06-14T22:06:34","guid":{"rendered":"http:\/\/kinderhilfe-mesopotamien.de\/kime-prd\/?page_id=354"},"modified":"2018-10-29T00:11:36","modified_gmt":"2018-10-28T22:11:36","slug":"datenschutzhinweis","status":"publish","type":"page","link":"https:\/\/kinderhilfe-mesopotamien.de\/kime-prd\/?page_id=354","title":{"rendered":"Datenschutzhinweis"},"content":{"rendered":"<p style=\"text-align: justify;\"><strong>Datenschutzhinweis<\/strong><br \/>\nkinderhilfe-mesopotamien.de<\/p>\n<p style=\"text-align: justify;\"><strong>1. Allgemeines<\/strong><\/p>\n<p style=\"text-align: justify;\">Datenschutz und Datensicherheit haben f\u00fcr unseren Verein h\u00f6chste Priorit\u00e4t. Der<br \/>\nSchutz Ihrer personenbezogenen Daten ist uns ein sehr wichtiges Anliegen. Mit<br \/>\nnachfolgenden Hinweisen m\u00f6chten wir Sie daher ausf\u00fchrlich u.a. \u00fcber die Art, den<br \/>\nUmfang und den Zweck der Erhebung, Verarbeitung und Nutzung Ihrer<br \/>\npersonenbezogenen Daten informieren.<\/p>\n<p style=\"text-align: justify;\">Dieser Datenschutzhinweis bezieht sich ausschlie\u00dflich auf unser Internetangebot.<br \/>\nSoweit Sie \u00fcber Hyperlinks auf Internetseiten anderer Anbieter weitergeleitet werden,<br \/>\nsollten Sie sich dort \u00fcber den jeweiligen Umgang mit Ihren Daten informieren.<\/p>\n<p style=\"text-align: justify;\"><strong>2. Verantwortliche Stelle<\/strong><\/p>\n<p style=\"text-align: justify;\">Verantwortlicher gem\u00e4\u00df Artikel 4 Nr. 7 EU-Datenschutz-Grundverordnung (\u201eDS-<br \/>\nGVO\u201c) ist Kinderhilfe Mesopotamien e.V., Postfach 80 07 43, 51007 K\u00f6ln,<br \/>\nvorstand@kinderhilfe-mesopotamien.de.<\/p>\n<p style=\"text-align: justify;\"><strong>3. Information \u00fcber die Erhebung personenbezogener Daten<\/strong><\/p>\n<p style=\"text-align: justify;\">3.1. Personenbezogene Daten sind alle Daten, die auf Sie pers\u00f6nlich beziehbar sind, z. B.<br \/>\nName, Adresse, E-Mail-Adressen, Nutzerverhalten.<\/p>\n<p style=\"text-align: justify;\">3.2. Bei Ihrer Kontaktaufnahme mit uns per E-Mail oder \u00fcber ein Kontaktformular werden<br \/>\ndie von Ihnen mitgeteilten Daten (Ihre E-Mail-Adresse, ggf. Ihr Name und Ihre<br \/>\nTelefonnummer) von uns gespeichert, um Ihre Fragen zu beantworten. Die in diesem<br \/>\nZusammenhang anfallenden Daten l\u00f6schen wir, nachdem die Speicherung nicht<br \/>\nmehr erforderlich ist, oder schr\u00e4nken die Verarbeitung ein, falls gesetzliche<br \/>\nAufbewahrungspflichten bestehen.<\/p>\n<p style=\"text-align: justify;\">3.3. Falls wir f\u00fcr einzelne Funktionen unseres Angebots auf beauftragte Dienstleister<br \/>\nzur\u00fcckgreifen oder Ihre Daten f\u00fcr werbliche Zwecke nutzen m\u00f6chten, werden wir Sie<br \/>\nuntenstehend im Detail \u00fcber die jeweiligen Vorg\u00e4nge informieren. Dabei nennen wir<br \/>\nauch die festgelegten Kriterien der Speicherdauer.<\/p>\n<p style=\"text-align: justify;\"><strong>4. Ihre Rechte<\/strong><\/p>\n<p style=\"text-align: justify;\">4.1. Sie haben gegen\u00fcber uns hinsichtlich der Sie betreffenden personenbezogenen<br \/>\nDaten die folgenden Rechte:<\/p>\n<ul>\n<li>Recht auf Auskunft<\/li>\n<li>Recht auf Berichtigung oder L\u00f6schung<\/li>\n<li>Recht auf Einschr\u00e4nkung der Verarbeitung<\/li>\n<li>Recht auf Widerspruch gegen die Verarbeitung<\/li>\n<li>Recht auf Daten\u00fcbertragbarkeit<\/li>\n<\/ul>\n<p style=\"text-align: justify;\">4.2. Sie haben zudem das Recht, sich bei einer Datenschutz-Aufsichtsbeh\u00f6rde \u00fcber die<br \/>\nVerarbeitung Ihrer personenbezogenen Daten durch uns zu beschweren.<\/p>\n<p style=\"text-align: justify;\"><strong>5. Erhebung personenbezogener Daten bei Besuch unserer Website<\/strong><\/p>\n<p style=\"text-align: justify;\">5.1. Bei der blo\u00df informatorischen Nutzung der Website, also wenn Sie sich nicht<br \/>\nregistrieren oder uns anderweitig Informationen \u00fcbermitteln, erheben wir nur die<br \/>\npersonenbezogenen Daten, die Ihr Browser an unseren Server \u00fcbermittelt. Wenn Sie<br \/>\nunsere Website betrachten m\u00f6chten, erheben wir die folgenden Daten, die f\u00fcr uns<br \/>\ntechnisch erforderlich sind, um Ihnen unsere Website anzuzeigen und die Stabilit\u00e4t<br \/>\nund Sicherheit zu gew\u00e4hrleisten (Rechtsgrundlage hierf\u00fcr ist Artikel 6 Absatz 1 Satz 1<br \/>\nBuchstabe f DS-GVO):<\/p>\n<ul>\n<li>IP-Adresse<\/li>\n<li>Datum und Uhrzeit der Anfrage<\/li>\n<li>Zeitzonendifferenz zur Greenwich Mean Time (\u201eGMT\u201c)<\/li>\n<li>Inhalt der Anforderung (\u201ekonkrete Seite\u201c)<\/li>\n<li>Zugriffsstatus\/ HTTP-Statuscode<\/li>\n<li>jeweils \u00fcbertragene Datenmenge<\/li>\n<li>Website, von der die Anforderung kommt<\/li>\n<li>Browser<\/li>\n<li>Betriebssystem und dessen Oberfl\u00e4che<\/li>\n<li>Sprache und Version der Browsersoftware<\/li>\n<\/ul>\n<p style=\"text-align: justify;\">5.2. Zus\u00e4tzlich zu den zuvor genannten Daten werden bei Ihrer Nutzung unserer Website<br \/>\nCookies auf Ihrem Rechner gespeichert. Bei Cookies handelt es sich um kleine<br \/>\nTextdateien, die auf Ihrer Festplatte dem von Ihnen verwendeten Browser zugeordnet<br \/>\ngespeichert werden und durch welche der Stelle, die den Cookie setzt (hier durch<br \/>\nuns), bestimmte Informationen zuflie\u00dfen. Cookies k\u00f6nnen keine Programme<br \/>\nausf\u00fchren oder Viren auf Ihren Computer \u00fcbertragen. Sie dienen dazu, das<br \/>\nInternetangebot insgesamt nutzerfreundlicher und effektiver zu machen.<\/p>\n<p style=\"text-align: justify;\">5.3. Einsatz von Cookies:<br \/>\nDiese Website nutzt folgende Arten von Cookies, deren Umfang und Funktionsweise<br \/>\nim Folgenden erl\u00e4utert werden:<\/p>\n<ul>\n<li>Transiente Cookies (siehe unten Ziffer 5.3.1)<\/li>\n<li>Persistente Cookies (siehe unten Ziffer 5.3.2)<\/li>\n<\/ul>\n<p style=\"text-align: justify;\">5.3.1. Transiente Cookies werden automatisiert gel\u00f6scht, wenn Sie den Browser schlie\u00dfen.<br \/>\nDazu z\u00e4hlen insbesondere die Session-Cookies. Diese speichern eine sogenannte<br \/>\nSession-ID, mit welcher sich verschiedene Anfragen Ihres Browsers der<br \/>\ngemeinsamen Sitzung zuordnen lassen. Dadurch kann Ihr Rechner wiedererkannt<br \/>\nwerden, wenn Sie auf unsere Website zur\u00fcckkehren. Die Session-Cookies werden<br \/>\ngel\u00f6scht, wenn Sie sich ausloggen oder den Browser schlie\u00dfen.<\/p>\n<p style=\"text-align: justify;\">5.3.2. Persistente Cookies werden automatisiert nach einer vorgegebenen Dauer gel\u00f6scht,<br \/>\ndie sich je nach Cookie unterscheiden kann. Sie k\u00f6nnen die Cookies in den<br \/>\nSicherheitseinstellungen Ihres Browsers jederzeit l\u00f6schen.<\/p>\n<p style=\"text-align: justify;\">5.4. Sie k\u00f6nnen Ihre Browser-Einstellung entsprechend Ihren W\u00fcnschen konfigurieren<br \/>\nund z. B. die Annahme von Third-Party-Cookies oder allen Cookies ablehnen. Wir<br \/>\nweisen Sie darauf hin, dass Sie eventuell nicht alle Funktionen dieser Website nutzen<br \/>\nk\u00f6nnen.<\/p>\n<p style=\"text-align: justify;\"><strong>6. Widerspruch oder Widerruf gegen die Verarbeitung Ihrer Daten<\/strong><\/p>\n<p style=\"text-align: justify;\"><strong>6.1. Falls Sie eine Einwilligung zur Verarbeitung Ihrer Daten erteilt haben, k\u00f6nnen<\/strong><br \/>\n<strong>Sie diese jederzeit widerrufen. Ein solcher Widerruf beeinflusst die Zul\u00e4ssigkeit<\/strong><br \/>\n<strong>der Verarbeitung Ihrer personenbezogenen Daten, nachdem Sie ihn gegen\u00fcber<\/strong><br \/>\n<strong>uns ausgesprochen haben.<\/strong><\/p>\n<p style=\"text-align: justify;\"><strong>6.2. Soweit wir die Verarbeitung Ihrer personenbezogenen Daten auf die<\/strong><br \/>\n<strong>Interessenabw\u00e4gung st\u00fctzen, k\u00f6nnen Sie Widerspruch gegen die Verarbeitung<\/strong><br \/>\n<strong>einlegen. Dies ist der Fall, wenn die Verarbeitung insbesondere nicht zur<\/strong><br \/>\n<strong>Erf\u00fcllung eines Vertrags mit Ihnen erforderlich ist, was von uns jeweils bei der<\/strong><br \/>\n<strong>nachfolgenden Beschreibung der Funktionen dargestellt wird. Bei Aus\u00fcbung<\/strong><br \/>\n<strong>eines solchen Widerspruchs bitten wir um Darlegung der Gr\u00fcnde, weshalb wir<\/strong><br \/>\n<strong>Ihre personenbezogenen Daten nicht wie von uns durchgef\u00fchrt verarbeiten<\/strong><br \/>\n<strong>sollten. Im Falle Ihres begr\u00fcndeten Widerspruchs pr\u00fcfen wir die Sachlage und<\/strong><br \/>\n<strong>werden entweder die Datenverarbeitung einstellen bzw. anpassen oder Ihnen<\/strong><br \/>\n<strong>unsere zwingenden schutzw\u00fcrdigen Gr\u00fcnde aufzeigen, aufgrund derer wir die<\/strong><br \/>\n<strong>Verarbeitung fortf\u00fchren.<\/strong><\/p>\n<p style=\"text-align: justify;\"><strong>6.3. Selbstverst\u00e4ndlich k\u00f6nnen Sie der Verarbeitung Ihrer personenbezogenen<\/strong><br \/>\n<strong>Daten f\u00fcr Zwecke der Werbung und Datenanalyse jederzeit widersprechen.<\/strong><br \/>\n<strong>\u00dcber Ihren Werbewiderspruch k\u00f6nnen Sie uns unter folgenden Kontaktdaten<\/strong><br \/>\n<strong>informieren: <span style=\"text-decoration: underline;\">Kinderhilfe Mesopotamien e.V., Postfach 80 07 43, 51007 K\u00f6ln,<\/span><\/strong><br \/>\n<span style=\"text-decoration: underline;\"><strong>vorstand@kinderhilfe-mesopotamien.de.<\/strong><\/span><\/p>\n<p style=\"text-align: justify;\"><strong>7. Aktualisierung dieses Datenschutzhinweises<\/strong><br \/>\nWir behalten uns das Recht vor, die in diesem Datenschutzhinweis bereitgestellten<br \/>\nInformationen ohne vorherige Ank\u00fcndigung an eine ver\u00e4nderte Gesetzgebung oder<br \/>\nRechtsprechung anzupassen. G\u00fcltig ist die jeweils \u00fcber unser Internetangebot<br \/>\nver\u00f6ffentlichte aktuelle Version dieses Datenschutzhinweises.<\/p>\n<p style=\"text-align: justify;\"><strong>8. Geltung dieses Datenschutzhinweises<\/strong><br \/>\nDie Nutzung unseres Internetangebotes erfolgt nach Ma\u00dfgabe dieses<br \/>\nDatenschutzhinweises. Sollten Sie nicht mit dessen Inhalt \u00fcbereinstimmen, m\u00f6chten<br \/>\nwir Sie bitten, unser Internetangebot nicht weiter zu nutzen.<\/p>\n<p style=\"text-align: justify;\">Stand: Mai 2018<\/p>\n","protected":false},"excerpt":{"rendered":"<p>Datenschutzhinweis kinderhilfe-mesopotamien.de 1. Allgemeines Datenschutz und Datensicherheit haben f\u00fcr unseren Verein h\u00f6chste Priorit\u00e4t. Der Schutz Ihrer personenbezogenen Daten ist uns ein sehr wichtiges Anliegen. Mit nachfolgenden Hinweisen m\u00f6chten wir Sie daher ausf\u00fchrlich u.a. \u00fcber die Art, den Umfang und den Zweck der Erhebung, Verarbeitung und Nutzung Ihrer personenbezogenen Daten informieren. [&hellip;]<\/p>\n","protected":false},"author":5,"featured_media":0,"parent":0,"menu_order":0,"comment_status":"closed","ping_status":"closed","template":"","meta":{"ngg_post_thumbnail":0,"footnotes":""},"class_list":["post-354","page","type-page","status-publish","hentry"],"jetpack_sharing_enabled":true,"jetpack_shortlink":"https:\/\/wp.me\/PbsrxO-5I","_links":{"self":[{"href":"https:\/\/kinderhilfe-mesopotamien.de\/kime-prd\/index.php?rest_route=\/wp\/v2\/pages\/354","targetHints":{"allow":["GET"]}}],"collection":[{"href":"https:\/\/kinderhilfe-mesopotamien.de\/kime-prd\/index.php?rest_route=\/wp\/v2\/pages"}],"about":[{"href":"https:\/\/kinderhilfe-mesopotamien.de\/kime-prd\/index.php?rest_route=\/wp\/v2\/types\/page"}],"author":[{"embeddable":true,"href":"https:\/\/kinderhilfe-mesopotamien.de\/kime-prd\/index.php?rest_route=\/wp\/v2\/users\/5"}],"replies":[{"embeddable":true,"href":"https:\/\/kinderhilfe-mesopotamien.de\/kime-prd\/index.php?rest_route=%2Fwp%2Fv2%2Fcomments&post=354"}],"version-history":[{"count":5,"href":"https:\/\/kinderhilfe-mesopotamien.de\/kime-prd\/index.php?rest_route=\/wp\/v2\/pages\/354\/revisions"}],"predecessor-version":[{"id":360,"href":"https:\/\/kinderhilfe-mesopotamien.de\/kime-prd\/index.php?rest_route=\/wp\/v2\/pages\/354\/revisions\/360"}],"wp:attachment":[{"href":"https:\/\/kinderhilfe-mesopotamien.de\/kime-prd\/index.php?rest_route=%2Fwp%2Fv2%2Fmedia&parent=354"}],"curies":[{"name":"wp","href":"https:\/\/api.w.org\/{rel}","templated":true}]}}