{"id":38,"date":"2014-02-06T19:40:48","date_gmt":"2014-02-06T17:40:48","guid":{"rendered":"http:\/\/53988587.swh.strato-hosting.eu\/kime-prd\/?page_id=38"},"modified":"2024-04-28T15:28:35","modified_gmt":"2024-04-28T13:28:35","slug":"spenden","status":"publish","type":"page","link":"https:\/\/kinderhilfe-mesopotamien.de\/kime-prd\/?page_id=38","title":{"rendered":"Spenden"},"content":{"rendered":"\n<p>Ob Sie als Privatperson oder als Firma spenden, als gemeinn\u00fctziger Verein k\u00f6nnen wir f\u00fcr Spenden eine Spendenquittung ausstellen.&nbsp;<\/p>\n\n\n\n<h1 class=\"wp-block-heading has-large-font-size\">Bankkonto<\/h1>\n\n\n\n<h4 class=\"wp-block-heading\"><strong>Kinderhilfe Mesopotamien e.V.<\/strong><\/h4>\n\n\n\n<h4 class=\"wp-block-heading\"><strong>Volksbank K\u00f6ln Bonn eG<\/strong><\/h4>\n\n\n\n<h4 class=\"wp-block-heading\"><strong>IBAN: DE33 3806 01866402491017<\/strong>\u00a0<\/h4>\n\n\n\n<h4 class=\"wp-block-heading\"><strong>BIC: GENODED1BRS<\/strong><\/h4>\n\n\n\n<p><\/p>\n\n\n\n<p class=\"has-large-font-size\"><strong>PayPal-Konto<\/strong><\/p>\n\n\n\n<h4 class=\"wp-block-heading\">Sie k\u00f6nnen auch \u00fcber das \u201cKinderhilfe Mesopotamien e.V.\u201d PayPal-Konto spenden (Geb\u00fchren zahlt KiMe):<\/h4>\n\n\n\n<p>Bevorzugt \u00fcber den Kontonamen\/ die E-Mailadresse: <a href=\"mailto:vorstand@kinderhilfe-mesopotamien.de\">vorstand@kinderhilfe-mesopotamien.de<\/a>&nbsp;<\/p>\n\n\n\n<p>Alternativ \u00fcber den QR-Code:<\/p>\n\n\n\n<p><strong><img loading=\"lazy\" decoding=\"async\" src=\"https:\/\/lh7-us.googleusercontent.com\/docsz\/AD_4nXf0y4UNy493V6hib0kvJvDX6MxfudcvJvhlwn8LSD83N-J7w5eVtdEsbfNF2X6UanL67tmaqhjzz599k_CewbZffBUGy2CIiAzpYWT8y2hTksJL15HFYBpn7TBg-yIewjuJfyGyYQP6g_INxalOP6HrbTs?key=43uZeiIE8U_KHijuC_phrg\" width=\"128\" height=\"128\"><\/strong><\/p>\n\n\n\n<p>Sollten Sie eine <strong>Spendenbescheinigung <\/strong>erhalten wollen, teilen Sie uns (im Verwendungszweck) Ihre Postadresse mit.&nbsp;<\/p>\n\n\n\n<h1 class=\"wp-block-heading\">Spenden bei besonderen Anl\u00e4ssen<\/h1>\n\n\n\n<p>Falls Sie sich zu besonderen Anl\u00e4ssen (Geburtstage, Hochzeiten, Jubil\u00e4en, etc.) von Ihren G\u00e4sten statt pers\u00f6nlicher Geschenke Spenden an unseren Verein oder auch f\u00fcr bestimmte Projekte w\u00fcnschen m\u00f6chten:<\/p>\n\n\n\n<p>Teilen Sie Ihren G\u00e4sten einfach neben unserer Bankverbindung ein (von Ihnen gew\u00e4hltes) Kennwort f\u00fcr den Verwendungszweck mit. So k\u00f6nnen wir Ihnen mitteilen, wie viele Spenden durch Ihren Aufruf zusammengekommen sind.&nbsp;<\/p>\n\n\n\n<p>Um eine Spendenbescheinigung ausstellen zu k\u00f6nnen, m\u00fcssen die Spender:innen zus\u00e4tzlich noch Namen und Adresse im Verwendungszweck angeben.&nbsp;<\/p>\n","protected":false},"excerpt":{"rendered":"<p>Ob Sie als Privatperson oder als Firma spenden, als gemeinn\u00fctziger Verein k\u00f6nnen wir f\u00fcr Spenden eine Spendenquittung ausstellen.&nbsp; Bankkonto Kinderhilfe Mesopotamien e.V. Volksbank K\u00f6ln Bonn eG IBAN: DE33 3806 01866402491017\u00a0 BIC: GENODED1BRS PayPal-Konto Sie k\u00f6nnen auch \u00fcber das \u201cKinderhilfe Mesopotamien e.V.\u201d PayPal-Konto spenden (Geb\u00fchren zahlt KiMe): Bevorzugt \u00fcber den Kontonamen\/ [&hellip;]<\/p>\n","protected":false},"author":5,"featured_media":0,"parent":0,"menu_order":0,"comment_status":"closed","ping_status":"closed","template":"","meta":{"ngg_post_thumbnail":0,"footnotes":""},"class_list":["post-38","page","type-page","status-publish","hentry"],"jetpack_sharing_enabled":true,"jetpack_shortlink":"https:\/\/wp.me\/PbsrxO-C","_links":{"self":[{"href":"https:\/\/kinderhilfe-mesopotamien.de\/kime-prd\/index.php?rest_route=\/wp\/v2\/pages\/38","targetHints":{"allow":["GET"]}}],"collection":[{"href":"https:\/\/kinderhilfe-mesopotamien.de\/kime-prd\/index.php?rest_route=\/wp\/v2\/pages"}],"about":[{"href":"https:\/\/kinderhilfe-mesopotamien.de\/kime-prd\/index.php?rest_route=\/wp\/v2\/types\/page"}],"author":[{"embeddable":true,"href":"https:\/\/kinderhilfe-mesopotamien.de\/kime-prd\/index.php?rest_route=\/wp\/v2\/users\/5"}],"replies":[{"embeddable":true,"href":"https:\/\/kinderhilfe-mesopotamien.de\/kime-prd\/index.php?rest_route=%2Fwp%2Fv2%2Fcomments&post=38"}],"version-history":[{"count":10,"href":"https:\/\/kinderhilfe-mesopotamien.de\/kime-prd\/index.php?rest_route=\/wp\/v2\/pages\/38\/revisions"}],"predecessor-version":[{"id":977,"href":"https:\/\/kinderhilfe-mesopotamien.de\/kime-prd\/index.php?rest_route=\/wp\/v2\/pages\/38\/revisions\/977"}],"wp:attachment":[{"href":"https:\/\/kinderhilfe-mesopotamien.de\/kime-prd\/index.php?rest_route=%2Fwp%2Fv2%2Fmedia&parent=38"}],"curies":[{"name":"wp","href":"https:\/\/api.w.org\/{rel}","templated":true}]}}