{"id":865,"date":"2024-02-04T13:05:09","date_gmt":"2024-02-04T11:05:09","guid":{"rendered":"https:\/\/kinderhilfe-mesopotamien.de\/kime-prd\/?page_id=865"},"modified":"2024-04-28T15:52:12","modified_gmt":"2024-04-28T13:52:12","slug":"aktiv-werden","status":"publish","type":"page","link":"https:\/\/kinderhilfe-mesopotamien.de\/kime-prd\/?page_id=865","title":{"rendered":"Aktiv werden!"},"content":{"rendered":"\n<p>Sie m\u00f6chten selbst aktiv werden und Projekte, Aktivit\u00e4ten und Veranstaltungen mitgestalten oder unterst\u00fctzen?&nbsp;<\/p>\n\n\n\n<p>Kinderhilfe Mesopotamien e.V. lebt von der Mithilfe und den Ideen seiner Mitglieder und Unterst\u00fctzer:innen und freut sich auf Ihre Ideen und Unterst\u00fctzung (z.B. bei der Planung und Durchf\u00fchrung von Veranstaltungen, Angeboten und Projekten).<\/p>\n\n\n\n<p>Melden Sie sich gerne bei uns!<\/p>\n\n\n\n<p><a href=\"mailto:vorstand@kinderhilfe-mesopotamien.de\">vorstand@kinderhilfe-mesopotamien.de<\/a><\/p>\n\n\n\n<p>oder \u00fcber unsere Social Media Accounts <\/p>\n\n\n\n<p>Instagram: <strong><a href=\"https:\/\/www.instagram.com\/kinderhilfemesopotamien\/?hl=de\">kinderhilfemesopotamien<\/a><\/strong><\/p>\n\n\n\n<p>Facebook:  <a href=\"https:\/\/www.facebook.com\/kinderhilfemesopotamien\" data-type=\"link\" data-id=\"https:\/\/www.facebook.com\/kinderhilfemesopotamien\"><strong>Kinderhilfe Mesopotamien<\/strong> e.V.<\/a><\/p>\n\n\n\n<p><\/p>\n\n\n\n<p>LinkedIn: <strong><a href=\"https:\/\/www.linkedin.com\/company\/kinderhilfe-mesopotamien-e-v\/\">Kinderhilfe Mesopotamien e.V.<\/a><\/strong><\/p>\n","protected":false},"excerpt":{"rendered":"<p>Sie m\u00f6chten selbst aktiv werden und Projekte, Aktivit\u00e4ten und Veranstaltungen mitgestalten oder unterst\u00fctzen?&nbsp; Kinderhilfe Mesopotamien e.V. lebt von der Mithilfe und den Ideen seiner Mitglieder und Unterst\u00fctzer:innen und freut sich auf Ihre Ideen und Unterst\u00fctzung (z.B. bei der Planung und Durchf\u00fchrung von Veranstaltungen, Angeboten und Projekten). Melden Sie sich gerne [&hellip;]<\/p>\n","protected":false},"author":7,"featured_media":0,"parent":0,"menu_order":0,"comment_status":"closed","ping_status":"closed","template":"","meta":{"ngg_post_thumbnail":0,"footnotes":""},"class_list":["post-865","page","type-page","status-publish","hentry"],"jetpack_sharing_enabled":true,"jetpack_shortlink":"https:\/\/wp.me\/PbsrxO-dX","_links":{"self":[{"href":"https:\/\/kinderhilfe-mesopotamien.de\/kime-prd\/index.php?rest_route=\/wp\/v2\/pages\/865","targetHints":{"allow":["GET"]}}],"collection":[{"href":"https:\/\/kinderhilfe-mesopotamien.de\/kime-prd\/index.php?rest_route=\/wp\/v2\/pages"}],"about":[{"href":"https:\/\/kinderhilfe-mesopotamien.de\/kime-prd\/index.php?rest_route=\/wp\/v2\/types\/page"}],"author":[{"embeddable":true,"href":"https:\/\/kinderhilfe-mesopotamien.de\/kime-prd\/index.php?rest_route=\/wp\/v2\/users\/7"}],"replies":[{"embeddable":true,"href":"https:\/\/kinderhilfe-mesopotamien.de\/kime-prd\/index.php?rest_route=%2Fwp%2Fv2%2Fcomments&post=865"}],"version-history":[{"count":4,"href":"https:\/\/kinderhilfe-mesopotamien.de\/kime-prd\/index.php?rest_route=\/wp\/v2\/pages\/865\/revisions"}],"predecessor-version":[{"id":988,"href":"https:\/\/kinderhilfe-mesopotamien.de\/kime-prd\/index.php?rest_route=\/wp\/v2\/pages\/865\/revisions\/988"}],"wp:attachment":[{"href":"https:\/\/kinderhilfe-mesopotamien.de\/kime-prd\/index.php?rest_route=%2Fwp%2Fv2%2Fmedia&parent=865"}],"curies":[{"name":"wp","href":"https:\/\/api.w.org\/{rel}","templated":true}]}}