{"id":870,"date":"2024-02-04T13:16:59","date_gmt":"2024-02-04T11:16:59","guid":{"rendered":"https:\/\/kinderhilfe-mesopotamien.de\/kime-prd\/?page_id=870"},"modified":"2024-11-30T14:35:43","modified_gmt":"2024-11-30T12:35:43","slug":"aktivitaeten-2","status":"publish","type":"page","link":"https:\/\/kinderhilfe-mesopotamien.de\/kime-prd\/?page_id=870","title":{"rendered":"S\u00fcdostt\u00fcrkei"},"content":{"rendered":"\n<p>Seit 2008 unterst\u00fctzen wir Kinder und Jugendliche in dem von gro\u00dfer Armut gepr\u00e4gten Gebiet in ihrem Recht auf Bildung:<\/p>\n\n\n\n<p>Seit \u00fcber 15 Jahren unterst\u00fctzen wir dank unserer Mitgliedsbeitr\u00e4ge Jungen und M\u00e4dchen aus besonders bed\u00fcrftigen Familien in Amed (Diyarbakir).  Selbst 8-j\u00e4hrige Kinder m\u00fcssen ihren eigenen Lebensunterhalt durch Arbeit verdienen. \u00dcber 1.000 Kindern wurde durch die Vergabe von Bildungsstipendien erm\u00f6glicht die Schule zu besuchen. Die wachsende Not vor Ort f\u00fchrte dazu, dass wir uns entschlossen haben die Unterst\u00fctzung breiter anzulegen. Durch die Einrichtung und Unterhaltung eines Bildungs- und Jugendzentrums erreichen wir noch mehr Kinder und Jugendliche &#8211; jede:r ist willkommen! <\/p>\n\n\n\n<figure class=\"wp-block-gallery has-nested-images columns-default is-cropped wp-block-gallery-1 is-layout-flex wp-block-gallery-is-layout-flex\">\n<figure class=\"wp-block-image size-large\"><a href=\"https:\/\/kinderhilfe-mesopotamien.de\/kime-prd\/wp-content\/uploads\/2024\/11\/428496687_18226865116269462_8340613968328570429_n.jpg\"><img loading=\"lazy\" decoding=\"async\" width=\"600\" height=\"450\" data-id=\"1022\" src=\"https:\/\/kinderhilfe-mesopotamien.de\/kime-prd\/wp-content\/uploads\/2024\/11\/428496687_18226865116269462_8340613968328570429_n.jpg\" alt=\"\" class=\"wp-image-1022\" srcset=\"https:\/\/kinderhilfe-mesopotamien.de\/kime-prd\/wp-content\/uploads\/2024\/11\/428496687_18226865116269462_8340613968328570429_n.jpg 600w, https:\/\/kinderhilfe-mesopotamien.de\/kime-prd\/wp-content\/uploads\/2024\/11\/428496687_18226865116269462_8340613968328570429_n-300x225.jpg 300w\" sizes=\"auto, (max-width: 600px) 100vw, 600px\" \/><\/a><\/figure>\n\n\n\n<figure class=\"wp-block-image size-large\"><a href=\"https:\/\/kinderhilfe-mesopotamien.de\/kime-prd\/wp-content\/uploads\/2024\/11\/428508358_18226865083269462_3926700067745478763_n.jpg\"><img loading=\"lazy\" decoding=\"async\" width=\"1024\" height=\"768\" data-id=\"1024\" src=\"https:\/\/kinderhilfe-mesopotamien.de\/kime-prd\/wp-content\/uploads\/2024\/11\/428508358_18226865083269462_3926700067745478763_n-1024x768.jpg\" alt=\"\" class=\"wp-image-1024\" srcset=\"https:\/\/kinderhilfe-mesopotamien.de\/kime-prd\/wp-content\/uploads\/2024\/11\/428508358_18226865083269462_3926700067745478763_n-1024x768.jpg 1024w, https:\/\/kinderhilfe-mesopotamien.de\/kime-prd\/wp-content\/uploads\/2024\/11\/428508358_18226865083269462_3926700067745478763_n-300x225.jpg 300w, https:\/\/kinderhilfe-mesopotamien.de\/kime-prd\/wp-content\/uploads\/2024\/11\/428508358_18226865083269462_3926700067745478763_n-768x576.jpg 768w, https:\/\/kinderhilfe-mesopotamien.de\/kime-prd\/wp-content\/uploads\/2024\/11\/428508358_18226865083269462_3926700067745478763_n.jpg 1080w\" sizes=\"auto, (max-width: 1024px) 100vw, 1024px\" \/><\/a><\/figure>\n<\/figure>\n\n\n\n<p>Bildungs- und Jugendzentrum im historischen Stadtteil S\u00fbr unserer Partnerorganisation <a href=\"https:\/\/www.google.com\/url?sa=t&amp;source=web&amp;rct=j&amp;opi=89978449&amp;url=https:\/\/cocukcader.org\/&amp;ved=2ahUKEwjr1pj7h4SKAxVcxgIHHbOLAaoQFnoECBUQAQ&amp;usg=AOvVaw1NTapz7x_sUaJ1sJaPP01D\">\u00c7ocuk \u00c7al\u0131\u015fmalar\u0131 Derne\u011fi &#8211; \u00c7ocuk\u00c7A<\/a> -Der  <\/p>\n","protected":false},"excerpt":{"rendered":"<p>Seit 2008 unterst\u00fctzen wir Kinder und Jugendliche in dem von gro\u00dfer Armut gepr\u00e4gten Gebiet in ihrem Recht auf Bildung: Seit \u00fcber 15 Jahren unterst\u00fctzen wir dank unserer Mitgliedsbeitr\u00e4ge Jungen und M\u00e4dchen aus besonders bed\u00fcrftigen Familien in Amed (Diyarbakir). Selbst 8-j\u00e4hrige Kinder m\u00fcssen ihren eigenen Lebensunterhalt durch Arbeit verdienen. \u00dcber 1.000 [&hellip;]<\/p>\n","protected":false},"author":11,"featured_media":0,"parent":0,"menu_order":0,"comment_status":"closed","ping_status":"closed","template":"","meta":{"ngg_post_thumbnail":0,"footnotes":""},"class_list":["post-870","page","type-page","status-publish","hentry"],"jetpack_sharing_enabled":true,"jetpack_shortlink":"https:\/\/wp.me\/PbsrxO-e2","_links":{"self":[{"href":"https:\/\/kinderhilfe-mesopotamien.de\/kime-prd\/index.php?rest_route=\/wp\/v2\/pages\/870","targetHints":{"allow":["GET"]}}],"collection":[{"href":"https:\/\/kinderhilfe-mesopotamien.de\/kime-prd\/index.php?rest_route=\/wp\/v2\/pages"}],"about":[{"href":"https:\/\/kinderhilfe-mesopotamien.de\/kime-prd\/index.php?rest_route=\/wp\/v2\/types\/page"}],"author":[{"embeddable":true,"href":"https:\/\/kinderhilfe-mesopotamien.de\/kime-prd\/index.php?rest_route=\/wp\/v2\/users\/11"}],"replies":[{"embeddable":true,"href":"https:\/\/kinderhilfe-mesopotamien.de\/kime-prd\/index.php?rest_route=%2Fwp%2Fv2%2Fcomments&post=870"}],"version-history":[{"count":6,"href":"https:\/\/kinderhilfe-mesopotamien.de\/kime-prd\/index.php?rest_route=\/wp\/v2\/pages\/870\/revisions"}],"predecessor-version":[{"id":1026,"href":"https:\/\/kinderhilfe-mesopotamien.de\/kime-prd\/index.php?rest_route=\/wp\/v2\/pages\/870\/revisions\/1026"}],"wp:attachment":[{"href":"https:\/\/kinderhilfe-mesopotamien.de\/kime-prd\/index.php?rest_route=%2Fwp%2Fv2%2Fmedia&parent=870"}],"curies":[{"name":"wp","href":"https:\/\/api.w.org\/{rel}","templated":true}]}}