{"id":874,"date":"2024-02-04T13:18:17","date_gmt":"2024-02-04T11:18:17","guid":{"rendered":"https:\/\/kinderhilfe-mesopotamien.de\/kime-prd\/?page_id=874"},"modified":"2024-11-30T13:55:20","modified_gmt":"2024-11-30T11:55:20","slug":"projekte-ausland-2","status":"publish","type":"page","link":"https:\/\/kinderhilfe-mesopotamien.de\/kime-prd\/?page_id=874","title":{"rendered":"Mesopotamischer Jugendtreff"},"content":{"rendered":"\n<p>Offenes kulturelles Angebot f\u00fcr Jugendliche in K-M\u00fclheim!<\/p>\n\n\n\n<p>Du bist zwischen 11 und 21 Jahren und interessiert an den Kulturen (Musik, Tanz, Geschichte) und Sprachen Mesopotamiens?<\/p>\n\n\n\n<p>Dann komm zu unserem Mesopotamischen Jugendtreff in den Kulturbunker in K\u00f6ln-M\u00fclheim (montags, 17.30 \u2013 19.30 Uhr, au\u00dfer in den Ferien).<\/p>\n\n\n\n<p>Die <a><\/a>Teilnahme ist kostenlos und f\u00fcr Snacks und Getr\u00e4nke ist gesorgt. Die R\u00e4umlichkeiten sind barrierefrei zu erreichen.<\/p>\n\n\n\n<p>Sei dabei und bring gerne auch Deine eigenen Ideen, Interessen und W\u00fcnsche mit ein!<\/p>\n\n\n\n<p>F\u00fcr aktuelle Infos und Anmeldungen kontaktiere uns einfach per Mail oder Social Media.<\/p>\n\n\n\n<figure class=\"wp-block-image size-large\"><a href=\"http:\/\/kinderhilfe-mesopotamien.de\/kime-prd\/wp-content\/uploads\/2024\/04\/Mesopotamischer-Jugendtreff_ab-29.4.24_Flyer.png\"><img loading=\"lazy\" decoding=\"async\" width=\"1024\" height=\"1024\" src=\"http:\/\/kinderhilfe-mesopotamien.de\/kime-prd\/wp-content\/uploads\/2024\/04\/Mesopotamischer-Jugendtreff_ab-29.4.24_Flyer-1024x1024.png\" alt=\"\" class=\"wp-image-991\" srcset=\"https:\/\/kinderhilfe-mesopotamien.de\/kime-prd\/wp-content\/uploads\/2024\/04\/Mesopotamischer-Jugendtreff_ab-29.4.24_Flyer-1024x1024.png 1024w, https:\/\/kinderhilfe-mesopotamien.de\/kime-prd\/wp-content\/uploads\/2024\/04\/Mesopotamischer-Jugendtreff_ab-29.4.24_Flyer-300x300.png 300w, https:\/\/kinderhilfe-mesopotamien.de\/kime-prd\/wp-content\/uploads\/2024\/04\/Mesopotamischer-Jugendtreff_ab-29.4.24_Flyer-150x150.png 150w, https:\/\/kinderhilfe-mesopotamien.de\/kime-prd\/wp-content\/uploads\/2024\/04\/Mesopotamischer-Jugendtreff_ab-29.4.24_Flyer-768x768.png 768w, https:\/\/kinderhilfe-mesopotamien.de\/kime-prd\/wp-content\/uploads\/2024\/04\/Mesopotamischer-Jugendtreff_ab-29.4.24_Flyer-1536x1536.png 1536w, https:\/\/kinderhilfe-mesopotamien.de\/kime-prd\/wp-content\/uploads\/2024\/04\/Mesopotamischer-Jugendtreff_ab-29.4.24_Flyer-2048x2048.png 2048w\" sizes=\"auto, (max-width: 1024px) 100vw, 1024px\" \/><\/a><\/figure>\n","protected":false},"excerpt":{"rendered":"<p>Offenes kulturelles Angebot f\u00fcr Jugendliche in K-M\u00fclheim! Du bist zwischen 11 und 21 Jahren und interessiert an den Kulturen (Musik, Tanz, Geschichte) und Sprachen Mesopotamiens? Dann komm zu unserem Mesopotamischen Jugendtreff in den Kulturbunker in K\u00f6ln-M\u00fclheim (montags, 17.30 \u2013 19.30 Uhr, au\u00dfer in den Ferien). Die Teilnahme ist kostenlos und [&hellip;]<\/p>\n","protected":false},"author":11,"featured_media":0,"parent":0,"menu_order":0,"comment_status":"closed","ping_status":"closed","template":"","meta":{"ngg_post_thumbnail":0,"footnotes":""},"class_list":["post-874","page","type-page","status-publish","hentry"],"jetpack_sharing_enabled":true,"jetpack_shortlink":"https:\/\/wp.me\/PbsrxO-e6","_links":{"self":[{"href":"https:\/\/kinderhilfe-mesopotamien.de\/kime-prd\/index.php?rest_route=\/wp\/v2\/pages\/874","targetHints":{"allow":["GET"]}}],"collection":[{"href":"https:\/\/kinderhilfe-mesopotamien.de\/kime-prd\/index.php?rest_route=\/wp\/v2\/pages"}],"about":[{"href":"https:\/\/kinderhilfe-mesopotamien.de\/kime-prd\/index.php?rest_route=\/wp\/v2\/types\/page"}],"author":[{"embeddable":true,"href":"https:\/\/kinderhilfe-mesopotamien.de\/kime-prd\/index.php?rest_route=\/wp\/v2\/users\/11"}],"replies":[{"embeddable":true,"href":"https:\/\/kinderhilfe-mesopotamien.de\/kime-prd\/index.php?rest_route=%2Fwp%2Fv2%2Fcomments&post=874"}],"version-history":[{"count":4,"href":"https:\/\/kinderhilfe-mesopotamien.de\/kime-prd\/index.php?rest_route=\/wp\/v2\/pages\/874\/revisions"}],"predecessor-version":[{"id":993,"href":"https:\/\/kinderhilfe-mesopotamien.de\/kime-prd\/index.php?rest_route=\/wp\/v2\/pages\/874\/revisions\/993"}],"wp:attachment":[{"href":"https:\/\/kinderhilfe-mesopotamien.de\/kime-prd\/index.php?rest_route=%2Fwp%2Fv2%2Fmedia&parent=874"}],"curies":[{"name":"wp","href":"https:\/\/api.w.org\/{rel}","templated":true}]}}